{"id":65,"date":"2019-02-15T10:54:00","date_gmt":"2019-02-15T10:54:00","guid":{"rendered":"http:\/\/bildung-in-der-digitalen-welt.blog\/?page_id=65"},"modified":"2019-02-15T12:14:54","modified_gmt":"2019-02-15T12:14:54","slug":"impressum","status":"publish","type":"page","link":"https:\/\/bildung-in-der-digitalen-welt.blog\/?page_id=65","title":{"rendered":"Impressum"},"content":{"rendered":"\n<p><strong>Angaben gem\u00e4\u00df \u00a7 5 TMG<\/strong><br> Thomas Gr\u00fcning<br> Bremerstra\u00dfe 5<br> 45239 Essen<\/p>\n\n\n\n<p><br> <strong>Kontakt<\/strong><br> Telefon: +49 178 178 60 93<br> E-Mail: thomas.gruening@bildung-in-der-digitalen-welt.blog<\/p>\n\n\n\n<p><br><strong> Verantwortlich f\u00fcr den Inhalt nach \u00a7 55 Abs. 2 RStV<\/strong><br> Thomas Gr\u00fcning<br> Bremerstra\u00dfe 5<br> 45239 Essen<\/p>\n\n\n\n<p><br> <strong>Streitschlichtung<\/strong><br> Die Europ\u00e4ische Kommission stellt eine Plattform zur Online-Streitbeilegung (OS) bereit:<br> https:\/\/ec.europa.eu\/consumers\/odr.<br> Unsere E-Mail-Adresse finden Sie oben im Impressum.<br> <\/p>\n\n\n\n<p><br> <strong>Haftung f\u00fcr Inhalte<\/strong><br> Als Diensteanbieter sind wir gem\u00e4\u00df \u00a7 7 Abs.1 TMG f\u00fcr eigene Inhalte auf diesen Seiten nach den<br> allgemeinen Gesetzen verantwortlich. Nach \u00a7\u00a7 8 bis 10 TMG sind wir als Diensteanbieter jedoch nicht<br> verpflichtet, \u00fcbermittelte oder gespeicherte fremde Informationen zu \u00fcberwachen oder nach Umst\u00e4nden zu forschen, die auf eine rechtswidrige T\u00e4tigkeit hinweisen.<br> Verpflichtungen zur Entfernung oder Sperrung der Nutzung von Informationen nach den allgemeinen<br> Gesetzen bleiben hiervon unber\u00fchrt. Eine diesbez\u00fcgliche Haftung ist jedoch erst ab dem Zeitpunkt der<br> Kenntnis einer konkreten Rechtsverletzung m\u00f6glich. Bei Bekanntwerden von entsprechenden<br> Rechtsverletzungen werden wir diese Inhalte umgehend entfernen.<\/p>\n\n\n\n<p><br> <strong>Haftung f\u00fcr Links<\/strong><br> Unser Angebot enth\u00e4lt Links zu externen Websites Dritter, auf deren Inhalte wir keinen Einfluss haben.<br> Deshalb k\u00f6nnen wir f\u00fcr diese fremden Inhalte auch keine Gew\u00e4hr \u00fcbernehmen. F\u00fcr die Inhalte der<br> verlinkten Seiten ist stets der jeweilige Anbieter oder Betreiber der Seiten verantwortlich. Die verlinkten<br> Seiten wurden zum Zeitpunkt der Verlinkung auf m\u00f6gliche Rechtsverst\u00f6\u00dfe \u00fcberpr\u00fcft. Rechtswidrige Inhalte<br> waren zum Zeitpunkt der Verlinkung nicht erkennbar.<br> Eine permanente inhaltliche Kontrolle der verlinkten Seiten ist jedoch ohne konkrete Anhaltspunkte einer<br> Rechtsverletzung nicht zumutbar. Bei Bekanntwerden von Rechtsverletzungen werden wir derartige Links<br> umgehend entfernen.<\/p>\n\n\n\n<p><br><strong> Urheberrecht<\/strong><br> Die durch die Seitenbetreiber erstellten Inhalte und Werke auf diesen Seiten unterliegen dem deutschen<br> Urheberrecht, wenn nicht anders gekennzeichnet. Die Vervielf\u00e4ltigung, Bearbeitung, Verbreitung und jede Art der Verwertung au\u00dferhalb der<br> Grenzen des Urheberrechtes bed\u00fcrfen der schriftlichen Zustimmung des jeweiligen Autors bzw. Erstellers.<br> Downloads und Kopien dieser Seite sind nur f\u00fcr den privaten, nicht kommerziellen Gebrauch gestattet, wenn nicht anders gekennzeichnet.<br> Soweit die Inhalte auf dieser Seite nicht vom Betreiber erstellt wurden, werden die Urheberrechte Dritter<br> beachtet. Insbesondere werden Inhalte Dritter als solche gekennzeichnet. Sollten Sie trotzdem auf eine<br> Urheberrechtsverletzung aufmerksam werden, bitten wir um einen entsprechenden Hinweis. Bei<br> Bekanntwerden von Rechtsverletzungen werden wir derartige Inhalte umgehend entfernen.<br> <\/p>\n","protected":false},"excerpt":{"rendered":"<p>Angaben gem\u00e4\u00df \u00a7 5 TMG Thomas Gr\u00fcning Bremerstra\u00dfe 5 45239 Essen Kontakt Telefon: +49 178 178 60 93 E-Mail: thomas.gruening@bildung-in-der-digitalen-welt.blog Verantwortlich f\u00fcr den Inhalt nach \u00a7 55 Abs. 2 RStV Thomas Gr\u00fcning Bremerstra\u00dfe 5 45239 Essen Streitschlichtung Die Europ\u00e4ische Kommission stellt eine Plattform zur Online-Streitbeilegung (OS) bereit: https:\/\/ec.europa.eu\/consumers\/odr. Unsere E-Mail-Adresse finden Sie oben im Impressum. [&hellip;]<\/p>\n","protected":false},"author":1,"featured_media":0,"parent":0,"menu_order":0,"comment_status":"closed","ping_status":"closed","template":"","meta":{"footnotes":""},"class_list":["post-65","page","type-page","status-publish","hentry"],"_links":{"self":[{"href":"https:\/\/bildung-in-der-digitalen-welt.blog\/index.php?rest_route=\/wp\/v2\/pages\/65","targetHints":{"allow":["GET"]}}],"collection":[{"href":"https:\/\/bildung-in-der-digitalen-welt.blog\/index.php?rest_route=\/wp\/v2\/pages"}],"about":[{"href":"https:\/\/bildung-in-der-digitalen-welt.blog\/index.php?rest_route=\/wp\/v2\/types\/page"}],"author":[{"embeddable":true,"href":"https:\/\/bildung-in-der-digitalen-welt.blog\/index.php?rest_route=\/wp\/v2\/users\/1"}],"replies":[{"embeddable":true,"href":"https:\/\/bildung-in-der-digitalen-welt.blog\/index.php?rest_route=%2Fwp%2Fv2%2Fcomments&post=65"}],"version-history":[{"count":1,"href":"https:\/\/bildung-in-der-digitalen-welt.blog\/index.php?rest_route=\/wp\/v2\/pages\/65\/revisions"}],"predecessor-version":[{"id":66,"href":"https:\/\/bildung-in-der-digitalen-welt.blog\/index.php?rest_route=\/wp\/v2\/pages\/65\/revisions\/66"}],"wp:attachment":[{"href":"https:\/\/bildung-in-der-digitalen-welt.blog\/index.php?rest_route=%2Fwp%2Fv2%2Fmedia&parent=65"}],"curies":[{"name":"wp","href":"https:\/\/api.w.org\/{rel}","templated":true}]}}